{"id":190,"date":"2018-03-23T00:47:09","date_gmt":"2018-03-23T00:47:09","guid":{"rendered":"http:\/\/stevenelwynsmith.com\/?page_id=190"},"modified":"2020-10-23T23:23:03","modified_gmt":"2020-10-23T23:23:03","slug":"190-2","status":"publish","type":"page","link":"https:\/\/stevenelwynsmith.com\/?page_id=190","title":{"rendered":"CRYIN FOR MERCY LYRICS"},"content":{"rendered":"<p><img decoding=\"async\" id=\"gmedia-image-210\" class=\"gmedia-singlepic alignnone\" title=\"Steve-2011-CD-\" src=\"http:\/\/stevenelwynsmith.com\/wp-content\/grand-media\/image\/Steve-2011-CD-.jpg\" alt=\"Steve-2011-CD-\" width=\"250\" height=\"254\" \/><\/p>\n<h3 class=\"collapseomatic \" id=\"id69f6d0c31ea8f\"  tabindex=\"0\" title=\"HONEYBEE\"    >HONEYBEE<\/h3><div id=\"target-id69f6d0c31ea8f\" class=\"collapseomatic_content \">\n<em><strong>Written by Steven Elwyn Smith and Paul David Painter<\/strong><\/em><\/p>\n<p>Got the sweetest comb around<br \/>\nHoneybee<br \/>\nGot the sweetest comb around<br \/>\nYou\u2019ve been chased around the hive<br \/>\nBy every bee in town<br \/>\nHoneybee<\/p>\n<p>I\u2019m gonna buzz you right<br \/>\nHoneybee<br \/>\nI\u2019m gonna buzz you right<br \/>\nI\u2019m gonna stir your nectar baby<br \/>\nTill you get satisfied<br \/>\nI\u2019m your bumblebee baby<br \/>\nSatisfaction guaranteed<\/p>\n<p>I\u2019m gonna keep you happy<br \/>\nGive you all the buzz you need<br \/>\nI\u2019m not like those other bees<br \/>\nSwarming round your hive<br \/>\nAlways on the prowl<br \/>\nStinging every Queen they find<br \/>\nHoneybee<\/p>\n<p>Won\u2019t sting no one but you<br \/>\nHoneybee<br \/>\nWon\u2019t sting no one but you<br \/>\nI got a stinger full of dynamite baby<br \/>\nNeed you to light my fuse<br \/>\nHoneybee, my sweet honeybee<br \/>\nMy, my my Honeybee<br \/>\nMy sweet Honeybee<\/div>\n<h3 class=\"collapseomatic \" id=\"id69f6d0c31eae9\"  tabindex=\"0\" title=\"CHANTEY MON CHER\"    >CHANTEY MON CHER<\/h3><div id=\"target-id69f6d0c31eae9\" class=\"collapseomatic_content \">\n<p><strong><em>Written by Steven Elwyn Smith<br \/>\n<\/em><\/strong><\/p>\n<p>I&#8217;m a poor little Johnny<br \/>\nFrom the Big Mamou<br \/>\nMy love is real, my aim is true<br \/>\nWhen Mon Cher sings<br \/>\nIt set\u00eds me free<br \/>\nShe lifts me up<br \/>\nWhen she dance with me<\/p>\n<p>That dark eyed girl<br \/>\nCan sing and dance<br \/>\nOh what a night<br \/>\nCherie, come on, take a chance<br \/>\nI\u00edm just a boy<br \/>\nFrom the Big Mamou<br \/>\nMon Cher, for true<br \/>\nI\u00edll take care of you<\/p>\n<p>She&#8217;s the flower of the Ponchatrain<br \/>\nFor true, for sure, she will wear my ring<br \/>\nI go tonight, to the big swaray<br \/>\nChantey Mon Cher and take my blues away<\/p>\n<p>Chantey Mon Cher,<br \/>\nChantey Mon Cher,<br \/>\nWhen that girl smiles the place goes wild<br \/>\nThe Bayou rocks like a hurricane<\/p>\n<p>I&#8217;m no couyon,<br \/>\nMake no mistake<br \/>\nGonna marry that girl<br \/>\nMy Madame to make<br \/>\nOh Saturday night, At the Fais do do<br \/>\nFind paradise Mon Cher<br \/>\nWhen we go go<\/p>\n<p>She&#8217;s the flower of the Ponchatrain<br \/>\nFor true, for sure, she will wear my ring<br \/>\nI go tonight, to the big swaray<br \/>\nChantey Mon Cher and take my blues away<\/p>\n<p>Chantey Mon Cher,<br \/>\nChantey Mon Cher,<br \/>\nWhen that girl smiles the place goes wild<br \/>\nThe Bayou rocks like a hurricane<span style=\"font-size: inherit;\"><\/div><\/span><\/p>\n<h3 class=\"collapseomatic \" id=\"id69f6d0c31eb15\"  tabindex=\"0\" title=\"ONE TURN DESERVES ANOTHER\"    >ONE TURN DESERVES ANOTHER<\/h3><div id=\"target-id69f6d0c31eb15\" class=\"collapseomatic_content \">\n<em><strong>Written by Steven Elwyn Smith<\/strong><\/em><br \/>\nTake one heart and then another<br \/>\nYou get back what you give my brother<br \/>\nLeave them crying, filled with shame<br \/>\nSlither on back home again<\/p>\n<p>You practice catch and release<br \/>\nThey love you till they see the beast<br \/>\nChiseled looks and chiseled heart<br \/>\nYou never finish what you start<\/p>\n<p>One turn deserves another<br \/>\nWhat goes around comes round my brother<br \/>\nWhat goes up must come down<br \/>\nPayback time in this payback town<\/p>\n<p>You got your perfect house, your perfect car<br \/>\nDo you even know who you are?<br \/>\nYour world is comfort, speed and lies<br \/>\nYou\u2019ve never had to compromise<\/p>\n<p>People are expendable<br \/>\nSend them where they\u2019ve been before<br \/>\nThe faceless masses know the way<br \/>\nMake em holler, make em pay<\/p>\n<p>One turn deserves another<br \/>\nWhat goes around comes round my brother<br \/>\nWhat goes up must come down<br \/>\nPayback time in this payback town<\/p>\n<p>Why can\u2019t we take care of each other?<br \/>\nHow much money do you need my brother?<br \/>\nWalk a mile in a poor man shoes<br \/>\nUnderstand what you got to lose<\/p>\n<p>One turn, one turn, one turn<br \/>\nDeserves another<br \/>\nOne turn, one turn, one turn<br \/>\nDeserves another<br \/>\nOne turn, one turn, one turn<br \/>\nDeserves another<br \/>\nOne turn, one turn, one turn<br \/>\nDeserves another<\/p>\n<p>Those you\u2019ve abused will be around<br \/>\nTo see you on you\u2019re way back down<\/div>\n<h3 class=\"collapseomatic \" id=\"id69f6d0c31eb38\"  tabindex=\"0\" title=\"MAMA LIKES\"    >MAMA LIKES<\/h3><div id=\"target-id69f6d0c31eb38\" class=\"collapseomatic_content \">\n<p><strong><em>Written by Steven Elwyn Smith<br \/>\n<\/em><\/strong><\/p>\n<p>Mama&#8217;s got stories to tell<br \/>\nShe&#8217;ll talk about heaven, cause she&#8217;s been through hell<br \/>\nShe talks about the time she spent in jail<br \/>\nMama&#8217;s got stories to tell<\/p>\n<p>Mama likes to make me sweat<br \/>\nShe work it to the right,<br \/>\nshe work it to the left<br \/>\nI&#8217;m up all night, I got no regrets<br \/>\nMama likes to make me sweat<\/p>\n<p>I like what Mama likes<br \/>\nI like what Mama likes<br \/>\nWith Mama there&#8217;s no wrong just right<br \/>\nI like what Mama likes<\/p>\n<p>Mama likes to hear me sing<br \/>\nIt makes her smile, it makes her swing<br \/>\nShe yells, \u00ecCome on \u00ecStevie do yo thang\u00ee<br \/>\nMama likes to hear me sing<\/p>\n<p>I like what Mama likes<br \/>\nI like what Mama likes<br \/>\nWith Mama there&#8217;s no wrong just right<br \/>\nI like what Mama likes<\/div>\n<h3 class=\"collapseomatic \" id=\"id69f6d0c31eb5a\"  tabindex=\"0\" title=\"THAT\u2019S HOW THEY ROLL\"    >THAT\u2019S HOW THEY ROLL<\/h3><div id=\"target-id69f6d0c31eb5a\" class=\"collapseomatic_content \">\n<em><strong>Written by Steven Elwyn Smith, Paul David Painter, Doug Ritter, Rick Salvador<\/strong><\/em><\/p>\n<p>See the man on the street in the white Cadillac<br \/>\nGive him some money; he\u2019ll bring you love back<br \/>\nTurn on the TV, see the talking head<br \/>\nTrying to convince you that you\u2019re better off dead<br \/>\nThat\u2019s how they roll, that\u2019s how they roll<br \/>\nIt ain\u2019t nothing new, it\u2019s what they do<br \/>\nThat\u2019s how they roll<\/p>\n<p>See the bald-headed fat cat, smoking a fine cigar<br \/>\nSell him your soul and he\u2019ll make you a star<br \/>\nHe\u2019ll make you think he\u2019s your only friend<br \/>\nUntil he says boy you won\u2019t work in this town again<br \/>\nThat\u2019s how they roll, that\u2019s how they roll<br \/>\nIt\u2019s in their DNA, what they do not what they say<br \/>\nThat\u2019s how they roll<\/p>\n<p>See the band on the stage, they\u2019ve got a whole lot of soul<br \/>\nEverything they\u2019ve got goes into the show<br \/>\nTake a piece of their heart it\u2019s all for you<br \/>\nThey give it up when they play the blues<br \/>\nThe preacher on Sunday goes on and on<br \/>\nTelling everybody all the things they\u2019ve done wrong<br \/>\nYou\u2019re going to hell boy; this old world\u2019s gonna end<br \/>\nGive me your money, I\u2019ll forgive all your sins<\/p>\n<p>That\u2019s how they roll, that\u2019s how they roll<br \/>\nIt\u2019s in their DNA, what they do not what they say<br \/>\nThat\u2019s how they roll<br \/>\nIt ain\u2019t nothing new, it\u2019s what they do<br \/>\nThat\u2019s how they roll<\/div>\n<h3 class=\"collapseomatic \" id=\"id69f6d0c31eb89\"  tabindex=\"0\" title=\"BACKROADS\"    >BACKROADS<\/h3><div id=\"target-id69f6d0c31eb89\" class=\"collapseomatic_content \">\n<em><strong>Written by Steve Canaday<\/strong><\/em><\/p>\n<p>Well I sleep like a feather<br \/>\nI don\u2019t worry \u2018bout the weather<br \/>\nI take backroads, wherever I go<br \/>\nAnd I can\u2019t take no chances<br \/>\n\u2018cause I sure ain\u2019t got no answers<br \/>\nI take the backroads, wherever I go<br \/>\nThose four-lane freeways ain\u2019t got nothin\u2019 for me<\/p>\n<p>Just gimme a six pack and a \u201850 Mercury<br \/>\nAnd I\u2019ll be rollin\u2019<br \/>\nOver them backroads of my home<br \/>\nOver them backroads of my home<br \/>\nWell I don\u2019t let things get risky<br \/>\n\u2018cause I might be drinkin\u2019 whisky<br \/>\nOut on them backroads of my home<br \/>\nYou don\u2019t see no hitchhikers<br \/>\nain\u2019t no semi-trucks or bikers<br \/>\nOut on them backroads of my home<br \/>\nThem four-lane freeways ain\u2019t got nothin\u2019 for me<br \/>\nand that all night rollin\u2019 to be where you got to be<br \/>\nIt ain\u2019t nowhere<\/p>\n<p>Gimme them backroads of my home<br \/>\nGimme them backroads of my home<br \/>\nI\u2019ve been busted for speedin\u2019<br \/>\nI\u2019ve been busted up and bleedin\u2019<br \/>\nOut on them backroads of my home<br \/>\nAnd you just might see me swimmin\u2019<br \/>\nYou might see me chase big women<br \/>\nOver them backroads of my home<br \/>\nThose four-lane freeways ain\u2019t got nothin\u2019 for me<br \/>\nJust gimme a six pack and a \u201850 Mercury<br \/>\nAnd I\u2019ll be rollin\u2019<br \/>\nOver them backroads of my home<\/div>\n<h3 class=\"collapseomatic \" id=\"id69f6d0c31ebab\"  tabindex=\"0\" title=\"LOVE WORTH THE PAIN\"    >LOVE WORTH THE PAIN<\/h3><div id=\"target-id69f6d0c31ebab\" class=\"collapseomatic_content \">\n<p><strong><em>Written by Steven Elwyn Smith<\/em><\/strong><\/p>\n<p>She gets the kids off to school<br \/>\nPut things where they belong<br \/>\nIt&#8217;s time to face another day, try to be strong<br \/>\nThere in the hallway, she falls down to her knees<br \/>\nAnd calls out to no one listening, someone help me please<\/p>\n<p>The silence is heavy, full of doubt and shame<br \/>\nA simple ask, love worth the pain<\/p>\n<p>This wasn&#8217;t part of the vision,<br \/>\nThis wasn&#8217;t part of the plan<br \/>\nTrapped in an existence where she won&#8217;t dare take a stand<br \/>\nHe never raised a hand to her, or so she would say<br \/>\nHe broke her spirit with words, almost every day<br \/>\nAbuse without violence is abuse just the same<br \/>\nPraying for, love worth the pain<\/p>\n<p>She raises the white flag, to find some peace in surrender<br \/>\nShe knows that it&#8217;s wrong, to forget to remember<br \/>\nAnother compromise, and so it&#8217;s down to this<br \/>\nIt\u00eds daily suicide; you can&#8217;t feel what you don&#8217;t miss<\/p>\n<p>She stares out the window and feels too weak to try<br \/>\nRecalling all the rainy days as she starts to cry<br \/>\nHalf truths and alibis, don&#8217;t justify the end<br \/>\nShe tries not to think about it as she fills her glass again<\/p>\n<p>No zero sum game, when love&#8217;s worth the pain<br \/>\nIt&#8217;s an old refrain, love is worth the pain<br \/>\nDon&#8217;t fade away,<br \/>\nFind love worth the pain<span style=\"font-size: inherit;\"><\/div><\/span><\/p>\n<h3 class=\"collapseomatic \" id=\"id69f6d0c31ebca\"  tabindex=\"0\" title=\"MY MONKEY WON\u2019T BITE\"    >MY MONKEY WON\u2019T BITE<\/h3><div id=\"target-id69f6d0c31ebca\" class=\"collapseomatic_content \">\n<em><strong>Written by Steven Elwyn Smith<br \/>\n<\/strong><\/em><\/p>\n<p>It was blind dumb luck, some might call it fate<br \/>\nA monkey was trapped on a fire escape<br \/>\nI looked at him, he looked at me<br \/>\nI climbed up and set that monkey free<\/p>\n<p>I bought my monkey a nice red suit<br \/>\nIn his red top hat he looked so cute<br \/>\nEvery woman I pass wants to know his name<br \/>\nThe question they ask is always the same<\/p>\n<p>Can I pet your monkey? Can I pet your monkey<br \/>\nYou can pet my monkey, baby my monkey won\u00edt bite<\/p>\n<p>Last night I saw the girl next door<br \/>\nShe wanted to play with my monkey some more<br \/>\nShe&#8217;s loves that ape, she thinks he&#8217;s cute<br \/>\nShe likes to squeeze my monkey and that&#8217;s the truth<\/p>\n<p>Can I squeeze your monkey? Can I squeeze your monkey<br \/>\nYou can squeeze my monkey, baby my monkey won&#8217;t bite<\/p>\n<p>Every girl I bring home with me<br \/>\nWants to set my monkey free<br \/>\nThey say my monkey feels so nice<br \/>\nWhen&#8217;s it&#8217;s monkey business, they don&#8217;t think twice<\/p>\n<p>I took my monkey out to the mall<br \/>\nHe was actin a fool and having a ball<br \/>\nHe jumped up and grabbed a young girl&#8217;s hair<br \/>\nShe said that&#8217;s a bad little monkey and because I care<\/p>\n<p>I\u00edm going to spank your monkey, I&#8217;m going to spank your monkey,<br \/>\nYou can spank my monkey, baby my monkey won&#8217;t bite<\/p>\n<p>You can pet my monkey<br \/>\nYou can pet my monkey<br \/>\nOooooh pet my monkey baby<br \/>\nYou can pet my monkey<br \/>\nYou can pet my money, cause baby . . .<span style=\"font-size: inherit;\"><\/div><\/span><\/p>\n<h3 class=\"collapseomatic \" id=\"id69f6d0c31ebe8\"  tabindex=\"0\" title=\"MISSISSIPPI PORCH TIME\"    >MISSISSIPPI PORCH TIME<\/h3><div id=\"target-id69f6d0c31ebe8\" class=\"collapseomatic_content \">\n<strong><em>Written by Steven Elwyn Smith<br \/>\n<\/em><\/strong><\/p>\n<p>I found hard time, down in Mississippi<br \/>\nI found hard time, down in Mississippi<br \/>\nBrown skin woman make me weap and moan<br \/>\nBig legged Mama shake the meat off my bone<br \/>\nI found hard times, down in Mississippi<\/p>\n<p>I know that woman, got her a backdoor man<br \/>\nSweet lovin woman, got her a backdoor man<br \/>\nMy thirty-two twenty sure nuff did him some harm<br \/>\nJudge gave me 20 years on Parchmen Farm<br \/>\nI found hard times down in Mississippi<\/p>\n<p>Train whistle blowin, move me down the line<br \/>\nTrain whistle blowin, move me down the line<br \/>\nDown to the crossroads where the Southern cross the Dog<br \/>\nHobo my way back to Arkansas<br \/>\nI found hard times, down in Mississippi<\/p>\n<p>Kind hearted woman, ease my worried mind<br \/>\nKind hearted woman, ease my worried mind<br \/>\nI\u00edve got no time to weap and wail<br \/>\nCause there\u00eds a hell hound on my trail<br \/>\nI found hard time, down in Mississippi<\/p>\n<p>I found hard time, down in Mississippi<br \/>\nI found hard time, down in Mississippi<br \/>\nI found hard time, down in Mississippi<br \/>\nI found hard time, down in Mississippi<span style=\"font-size: inherit;\"><\/div><\/span><\/p>\n<h3 class=\"collapseomatic \" id=\"id69f6d0c31ec05\"  tabindex=\"0\" title=\"WORRIED LIFE BLUES\"    >WORRIED LIFE BLUES<\/h3><div id=\"target-id69f6d0c31ec05\" class=\"collapseomatic_content \">\n<em><strong>Multiple Authors<br \/>\n<\/strong><\/em><\/p>\n<p>I don&#8217;t care, along you go<br \/>\nI don&#8217;t care, along you stay<br \/>\nBut good kind of treatment<br \/>\nI&#8217;m bringing you home someday<\/p>\n<p>Well, someday, baby<br \/>\nYou ain&#8217;t gonna worry my life anymore<\/p>\n<p>Now you keep on bettin&#8217;<br \/>\nIf the dice don&#8217;t pay<br \/>\nCan&#8217;t you see, little girl<br \/>\nYou&#8217;re living too fast?<\/p>\n<p>But someday, baby<br \/>\nYou ain&#8217;t gonna worry my life anymore<\/p>\n<p>Are you tellin&#8217; everybody<br \/>\nIn the neighborhood<br \/>\n&#8216;Cause you don&#8217;t love me, baby<br \/>\nYou didn&#8217;t mean me no good<\/p>\n<p>Yes, but someday, baby<br \/>\nYou ain&#8217;t gonna worry my life anymore<\/div>\n<h3 class=\"collapseomatic \" id=\"id69f6d0c31ec3c\"  tabindex=\"0\" title=\"THE WHEEL\"    >THE WHEEL<\/h3><div id=\"target-id69f6d0c31ec3c\" class=\"collapseomatic_content \">\n<em><strong>Written by Steven Elwyn Smith<br \/>\n<\/strong><\/em><\/p>\n<p>You can find them in the darkness<br \/>\nThey don&#8217;t see the light of day<br \/>\nYou won&#8217;t hear them on the radio<br \/>\nWith the music that they play<br \/>\nThey serve a cold hard mistress<br \/>\nHer solemn oath they swore<br \/>\nWhat little love she gives them,<br \/>\nKeeps them coming back for more<\/p>\n<p>They can&#8217;t deny the constant yearning<br \/>\nAnd the wheel keeps turning back to you<\/p>\n<p>The newsman keeps reporting<br \/>\nBut he&#8217;s missing most the game<br \/>\nAnd it makes me feel like fighting<br \/>\nFor the bad cats he won&#8217;t name<br \/>\nThese aren&#8217;t some pretty boy toys<br \/>\nTheir souls were born to rock<br \/>\nIt breaks their hearts in silence<br \/>\nWhen the torture never stops<\/p>\n<p>They live to play, they play the blues<br \/>\nAnd the wheel keeps turning back to you<\/p>\n<p>They don&#8217;t do it for the money<br \/>\nThey don&#8217;t do it for the fame<br \/>\nIt&#8217;s the love of the music<br \/>\nThat keeps them in the game<br \/>\nThey leave a piece of their soul<br \/>\nIn every smoky bar<br \/>\nIt keeps their blues alive<br \/>\nWhile they&#8217;re reaching for the stars<\/p>\n<p>It&#8217;s the lessons they&#8217;re not learning<br \/>\nAnd the bridges they keep burning<br \/>\nThat keeps the wheel turning back to you<span style=\"font-size: inherit;\"><\/div><\/span><\/p>\n<h3 class=\"collapseomatic \" id=\"id69f6d0c31ec75\"  tabindex=\"0\" title=\"CRYIN FOR MERCY\"    >CRYIN FOR MERCY<\/h3><div id=\"target-id69f6d0c31ec75\" class=\"collapseomatic_content \">\n<em><strong>Written by Steven Elwyn Smith<\/strong><\/em><\/p>\n<p>I hear footsteps in the garden<br \/>\nI hear voices in the hall<br \/>\nMemories wash over me, here in the darkness<br \/>\nTill I just can\u2019t hold them all<br \/>\nWas it something that I said?<br \/>\nMaybe something I didn\u2019t do<br \/>\nWas it true love or tragedy?<br \/>\nThat put me on the road to you<\/p>\n<p>Now I\u2019m<br \/>\nCryin for mercy<br \/>\nCryin for mercy, yeah yeah<br \/>\nCryin for mercy and nobody hears<\/p>\n<p>The shattered mirror can\u2019t be replaced<br \/>\nI\u2019ve picked up the pieces and I can\u2019t throw them away<br \/>\nHere\u2019s another fool, down on the floor<br \/>\nA broken heart begging for more<\/p>\n<p>I don\u2019t know where we went wrong<br \/>\nA fool\u2019s heart runs in place<br \/>\nAfter all the bottles I tried to crawl inside<br \/>\nI still can see your face<\/p>\n<p>Now I\u2019m<br \/>\nCryin for mercy<br \/>\nCryin for mercy<br \/>\nCryin for mercy and nobody hears<br \/>\nI\u2019m Cryin for mercy<br \/>\nCryin for mercy yeah yeah<br \/>\nI\u2019m Cryin for mercy and nobody hears<\/div>\n","protected":false},"excerpt":{"rendered":"","protected":false},"author":1,"featured_media":0,"parent":0,"menu_order":0,"comment_status":"closed","ping_status":"closed","template":"","meta":{"footnotes":""},"yoast_head":"<!-- This site is optimized with the Yoast SEO plugin v22.3 - https:\/\/yoast.com\/wordpress\/plugins\/seo\/ -->\n<title>CRYIN FOR MERCY LYRICS - Steven Elwyn Smith<\/title>\n<meta name=\"robots\" content=\"index, follow, max-snippet:-1, max-image-preview:large, max-video-preview:-1\" \/>\n<link rel=\"canonical\" href=\"https:\/\/stevenelwynsmith.com\/?page_id=190\" \/>\n<meta property=\"og:locale\" content=\"en_US\" \/>\n<meta property=\"og:type\" content=\"article\" \/>\n<meta property=\"og:title\" content=\"CRYIN FOR MERCY LYRICS - Steven Elwyn Smith\" \/>\n<meta property=\"og:url\" content=\"https:\/\/stevenelwynsmith.com\/?page_id=190\" \/>\n<meta property=\"og:site_name\" content=\"Steven Elwyn Smith\" \/>\n<meta property=\"article:publisher\" content=\"https:\/\/www.facebook.com\/Steven-Elwyn-Smith-599409753575867\/\" \/>\n<meta property=\"article:modified_time\" content=\"2020-10-23T23:23:03+00:00\" \/>\n<meta property=\"og:image\" content=\"http:\/\/stevenelwynsmith.com\/wp-content\/grand-media\/image\/Steve-2011-CD-.jpg\" \/>\n<meta name=\"twitter:card\" content=\"summary_large_image\" \/>\n<meta name=\"twitter:label1\" content=\"Est. reading time\" \/>\n\t<meta name=\"twitter:data1\" content=\"12 minutes\" \/>\n<script type=\"application\/ld+json\" class=\"yoast-schema-graph\">{\"@context\":\"https:\/\/schema.org\",\"@graph\":[{\"@type\":\"WebPage\",\"@id\":\"https:\/\/stevenelwynsmith.com\/?page_id=190\",\"url\":\"https:\/\/stevenelwynsmith.com\/?page_id=190\",\"name\":\"CRYIN FOR MERCY LYRICS - Steven Elwyn Smith\",\"isPartOf\":{\"@id\":\"https:\/\/stevenelwynsmith.com\/#website\"},\"primaryImageOfPage\":{\"@id\":\"https:\/\/stevenelwynsmith.com\/?page_id=190#primaryimage\"},\"image\":{\"@id\":\"https:\/\/stevenelwynsmith.com\/?page_id=190#primaryimage\"},\"thumbnailUrl\":\"http:\/\/stevenelwynsmith.com\/wp-content\/grand-media\/image\/Steve-2011-CD-.jpg\",\"datePublished\":\"2018-03-23T00:47:09+00:00\",\"dateModified\":\"2020-10-23T23:23:03+00:00\",\"breadcrumb\":{\"@id\":\"https:\/\/stevenelwynsmith.com\/?page_id=190#breadcrumb\"},\"inLanguage\":\"en-US\",\"potentialAction\":[{\"@type\":\"ReadAction\",\"target\":[\"https:\/\/stevenelwynsmith.com\/?page_id=190\"]}]},{\"@type\":\"ImageObject\",\"inLanguage\":\"en-US\",\"@id\":\"https:\/\/stevenelwynsmith.com\/?page_id=190#primaryimage\",\"url\":\"http:\/\/stevenelwynsmith.com\/wp-content\/grand-media\/image\/Steve-2011-CD-.jpg\",\"contentUrl\":\"http:\/\/stevenelwynsmith.com\/wp-content\/grand-media\/image\/Steve-2011-CD-.jpg\"},{\"@type\":\"BreadcrumbList\",\"@id\":\"https:\/\/stevenelwynsmith.com\/?page_id=190#breadcrumb\",\"itemListElement\":[{\"@type\":\"ListItem\",\"position\":1,\"name\":\"Home\",\"item\":\"https:\/\/stevenelwynsmith.com\/\"},{\"@type\":\"ListItem\",\"position\":2,\"name\":\"CRYIN FOR MERCY LYRICS\"}]},{\"@type\":\"WebSite\",\"@id\":\"https:\/\/stevenelwynsmith.com\/#website\",\"url\":\"https:\/\/stevenelwynsmith.com\/\",\"name\":\"Steven Elwyn Smith\",\"description\":\"\",\"potentialAction\":[{\"@type\":\"SearchAction\",\"target\":{\"@type\":\"EntryPoint\",\"urlTemplate\":\"https:\/\/stevenelwynsmith.com\/?s={search_term_string}\"},\"query-input\":\"required name=search_term_string\"}],\"inLanguage\":\"en-US\"}]}<\/script>\n<!-- \/ Yoast SEO plugin. -->","yoast_head_json":{"title":"CRYIN FOR MERCY LYRICS - Steven Elwyn Smith","robots":{"index":"index","follow":"follow","max-snippet":"max-snippet:-1","max-image-preview":"max-image-preview:large","max-video-preview":"max-video-preview:-1"},"canonical":"https:\/\/stevenelwynsmith.com\/?page_id=190","og_locale":"en_US","og_type":"article","og_title":"CRYIN FOR MERCY LYRICS - Steven Elwyn Smith","og_url":"https:\/\/stevenelwynsmith.com\/?page_id=190","og_site_name":"Steven Elwyn Smith","article_publisher":"https:\/\/www.facebook.com\/Steven-Elwyn-Smith-599409753575867\/","article_modified_time":"2020-10-23T23:23:03+00:00","og_image":[{"url":"http:\/\/stevenelwynsmith.com\/wp-content\/grand-media\/image\/Steve-2011-CD-.jpg"}],"twitter_card":"summary_large_image","twitter_misc":{"Est. reading time":"12 minutes"},"schema":{"@context":"https:\/\/schema.org","@graph":[{"@type":"WebPage","@id":"https:\/\/stevenelwynsmith.com\/?page_id=190","url":"https:\/\/stevenelwynsmith.com\/?page_id=190","name":"CRYIN FOR MERCY LYRICS - Steven Elwyn Smith","isPartOf":{"@id":"https:\/\/stevenelwynsmith.com\/#website"},"primaryImageOfPage":{"@id":"https:\/\/stevenelwynsmith.com\/?page_id=190#primaryimage"},"image":{"@id":"https:\/\/stevenelwynsmith.com\/?page_id=190#primaryimage"},"thumbnailUrl":"http:\/\/stevenelwynsmith.com\/wp-content\/grand-media\/image\/Steve-2011-CD-.jpg","datePublished":"2018-03-23T00:47:09+00:00","dateModified":"2020-10-23T23:23:03+00:00","breadcrumb":{"@id":"https:\/\/stevenelwynsmith.com\/?page_id=190#breadcrumb"},"inLanguage":"en-US","potentialAction":[{"@type":"ReadAction","target":["https:\/\/stevenelwynsmith.com\/?page_id=190"]}]},{"@type":"ImageObject","inLanguage":"en-US","@id":"https:\/\/stevenelwynsmith.com\/?page_id=190#primaryimage","url":"http:\/\/stevenelwynsmith.com\/wp-content\/grand-media\/image\/Steve-2011-CD-.jpg","contentUrl":"http:\/\/stevenelwynsmith.com\/wp-content\/grand-media\/image\/Steve-2011-CD-.jpg"},{"@type":"BreadcrumbList","@id":"https:\/\/stevenelwynsmith.com\/?page_id=190#breadcrumb","itemListElement":[{"@type":"ListItem","position":1,"name":"Home","item":"https:\/\/stevenelwynsmith.com\/"},{"@type":"ListItem","position":2,"name":"CRYIN FOR MERCY LYRICS"}]},{"@type":"WebSite","@id":"https:\/\/stevenelwynsmith.com\/#website","url":"https:\/\/stevenelwynsmith.com\/","name":"Steven Elwyn Smith","description":"","potentialAction":[{"@type":"SearchAction","target":{"@type":"EntryPoint","urlTemplate":"https:\/\/stevenelwynsmith.com\/?s={search_term_string}"},"query-input":"required name=search_term_string"}],"inLanguage":"en-US"}]}},"_links":{"self":[{"href":"https:\/\/stevenelwynsmith.com\/index.php?rest_route=\/wp\/v2\/pages\/190"}],"collection":[{"href":"https:\/\/stevenelwynsmith.com\/index.php?rest_route=\/wp\/v2\/pages"}],"about":[{"href":"https:\/\/stevenelwynsmith.com\/index.php?rest_route=\/wp\/v2\/types\/page"}],"author":[{"embeddable":true,"href":"https:\/\/stevenelwynsmith.com\/index.php?rest_route=\/wp\/v2\/users\/1"}],"replies":[{"embeddable":true,"href":"https:\/\/stevenelwynsmith.com\/index.php?rest_route=%2Fwp%2Fv2%2Fcomments&post=190"}],"version-history":[{"count":16,"href":"https:\/\/stevenelwynsmith.com\/index.php?rest_route=\/wp\/v2\/pages\/190\/revisions"}],"predecessor-version":[{"id":1275,"href":"https:\/\/stevenelwynsmith.com\/index.php?rest_route=\/wp\/v2\/pages\/190\/revisions\/1275"}],"wp:attachment":[{"href":"https:\/\/stevenelwynsmith.com\/index.php?rest_route=%2Fwp%2Fv2%2Fmedia&parent=190"}],"curies":[{"name":"wp","href":"https:\/\/api.w.org\/{rel}","templated":true}]}}